{"id":13,"date":"2023-07-26T12:09:27","date_gmt":"2023-07-26T12:09:27","guid":{"rendered":"https:\/\/helioplant.energy\/?page_id=13"},"modified":"2024-03-27T14:37:24","modified_gmt":"2024-03-27T14:37:24","slug":"impressum","status":"publish","type":"page","link":"https:\/\/helioplant.energy\/en\/impressum\/","title":{"rendered":"Legal information"},"content":{"rendered":"<div data-elementor-type=\"wp-page\" data-elementor-id=\"13\" class=\"elementor elementor-13\" data-elementor-post-type=\"page\">\n\t\t\t\t\t\t<section class=\"elementor-section elementor-top-section elementor-element elementor-element-3da7b61 elementor-section-full_width elementor-section-height-default elementor-section-height-default\" data-id=\"3da7b61\" data-element_type=\"section\" data-e-type=\"section\">\n\t\t\t\t\t\t<div class=\"elementor-container elementor-column-gap-default\">\n\t\t\t\t\t<div class=\"elementor-column elementor-col-100 elementor-top-column elementor-element elementor-element-cc20103\" data-id=\"cc20103\" data-element_type=\"column\" data-e-type=\"column\">\n\t\t\t<div class=\"elementor-widget-wrap elementor-element-populated\">\n\t\t\t\t\t\t<div class=\"elementor-element elementor-element-72bebab elementor-widget elementor-widget-heading\" data-id=\"72bebab\" data-element_type=\"widget\" data-e-type=\"widget\" data-widget_type=\"heading.default\">\n\t\t\t\t<div class=\"elementor-widget-container\">\n\t\t\t\t\t<h1 class=\"elementor-heading-title elementor-size-default\">Legal information<\/h1>\t\t\t\t<\/div>\n\t\t\t\t<\/div>\n\t\t\t\t<div class=\"elementor-element elementor-element-97d5bd2 elementor-widget elementor-widget-text-editor\" data-id=\"97d5bd2\" data-element_type=\"widget\" data-e-type=\"widget\" data-widget_type=\"text-editor.default\">\n\t\t\t\t<div class=\"elementor-widget-container\">\n\t\t\t\t\t\t\t\t\t<p><strong>HELIOPLANT\u00ae <br><\/strong>International Registration Nr. DM\/234443<strong><br><\/strong><\/p>\n<p><b>i.n.n.<br>ingenieurgesellschaft f\u00fcr naturraum-management<br>mbH &amp; CoKG<\/b><br>Maria-Theresien-Stra\u00dfe 42a<br>6020 Innsbruck<br>\u00d6sterreich<\/p>\n<p>Managing Directors:<br>DI Alexander Ploner<br>Mag. Thomas S\u00f6nser<br><span style=\"color: var( --e-global-color-text ); font-family: var( --e-global-typography-text-font-family ), Sans-serif; font-weight: var( --e-global-typography-text-font-weight ); font-size: 1rem;\"><b><br>Tel:<\/b><\/span><span style=\"color: var( --e-global-color-text ); font-family: var( --e-global-typography-text-font-family ), Sans-serif; font-weight: var( --e-global-typography-text-font-weight ); font-size: 1rem;\"><span style=\"color: #007571;\"> <a style=\"color: #007571;\" href=\"http:\/\/tel:+435123427250\">+43 (0) 512 34 27 25-0<\/a><br><\/span><\/span><span style=\"color: var( --e-global-color-text ); font-family: var( --e-global-typography-text-font-family ), Sans-serif; font-weight: var( --e-global-typography-text-font-weight ); font-size: 1rem;\"><b>E-Mail:<\/b><\/span><span style=\"font-family: var( --e-global-typography-text-font-family ), Sans-serif; font-size: 1rem;\"> <a style=\"color: #007571; font-weight: var( --e-global-typography-text-font-weight );\" href=\"mailto:office@inn.co.at\"><span style=\"font-weight: var( --e-global-typography-text-font-weight );\">office@inn.co.at<\/span><\/a><span style=\"color: #007571;\"><br><\/span><\/span><span style=\"color: var( --e-global-color-text ); font-family: var( --e-global-typography-text-font-family ), Sans-serif; font-weight: var( --e-global-typography-text-font-weight ); font-size: 1rem;\"><b>Web:<\/b><\/span> <span style=\"font-family: var( --e-global-typography-text-font-family ), Sans-serif; font-weight: var( --e-global-typography-text-font-weight ); font-size: 1rem; color: #007571;\"><a style=\"color: #007571;\" href=\"https:\/\/inn.co.at\" target=\"_blank\" rel=\"noopener\"><span style=\"font-family: var( --e-global-typography-text-font-family ), Sans-serif; font-weight: var( --e-global-typography-text-font-weight ); font-size: 1rem;\">inn.co.at<\/span><\/a><\/span><\/p>\n<p>VAT ID No: ATU 50540204<br>FN: 200986v<br>Court of company registration: Innsbruck Regional Court<\/p>\n<p>Ingenieurb\u00fcro<\/p>\n<p>Member of the Tirol Chamber of Commerce<br><span style=\"color: var( --e-global-color-text ); font-family: var( --e-global-typography-text-font-family ), Sans-serif; font-weight: var( --e-global-typography-text-font-weight ); font-size: 1rem;\">Trade regulations: 1994 -GewO 1994 as amended<\/span><\/p>\n<p><span style=\"font-weight: bolder;\">ehoch2 energy engineering<\/span><br><span style=\"font-weight: bolder;\">Ingenieurb\u00fcro f\u00fcr Photovoltaik,<\/span><br><span style=\"font-weight: bolder;\">Innovative Heizsysteme und Elektrotechnik<\/span><\/p>\n<p>Ing. Florian Jamschek<\/p>\n<p>Fl\u00f6sserweg 17<br>6423 M\u00f6tz<br>\u00d6sterreich<\/p>\n<p><span style=\"font-weight: bolder;\">Tel.:<\/span>&nbsp;<span style=\"color: #007571;\"><a style=\"color: #007571;\" href=\"http:\/\/tel:+436765342989\/\">+43 (0) 676 53 42 989<\/a><\/span><br><span style=\"font-weight: bolder;\">E-Mail:<\/span>&nbsp;<span style=\"color: #007571;\"><a style=\"color: #007571;\" href=\"mailto:florian@ehoch2.co.at\">florian@ehoch2.co.at<\/a><\/span><br><span style=\"font-weight: bolder;\">Web:<\/span>&nbsp;<span style=\"color: #007571;\"><a style=\"color: #007571;\" href=\"https:\/\/www.ehoch2.co.at\/\" target=\"_blank\" rel=\"noopener\">www.ehoch2.co.at<\/a><\/span><\/p>\n<p>Company: Sole proprietorship<br>Proprietor: Florian Jamschek<br>VAT ID: ATU68758757<br>Company register: FN 417436x<\/p>\n<p>Authority according to ECG: Imst district administration<br>Court of jurisdiction: Silz District Court<\/p>\n<h2 style=\"font-family: Nexa, sans-serif; color: #015375;\">PICTURE CREDITS<\/h2>\n<div>\n<div><strong>diviz Architekturvisualisierung<\/strong><\/div>\n<div>Daniel Dimai<\/div>\n<div>Leopoldstra\u00dfe 30, 6020 Innsbruck<\/div>\n<div>&nbsp;<\/div>\n<div><b>Tel:<\/b>&nbsp;<a href=\"tel:+436509351170\">+43 (0) 650 93 51 170<\/a><\/div>\n<div><b>E-Mail:<\/b> <a href=\"mailto:office@diviz.at\">office@diviz.at<\/a> <br><b>Web:<\/b> <a href=\"https:\/\/www.diviz.at\" target=\"_blank\" rel=\"noopener\">www.diviz.at<\/a><\/div>\n<\/div>\n<div>&nbsp;<\/div>\n<h2 style=\"font-family: Nexa, sans-serif; color: #015375;\">WEB DESIGN AND CONCEPT<\/h2>\n<p><a href=\"https:\/\/clesign.cc\/\" target=\"_blank\" rel=\"noopener\">clesign.cc<\/a><br><a href=\"https:\/\/strg-s.at\" target=\"_blank\" rel=\"noopener\">strg-s.at<\/a><\/p>\n<h2>DISPUTE RESOLUTION<\/h2>\n<p class=\"translation-block\">Consumers have the option of submitting complaints to the EU's online dispute resolution platform: \u00a0<span style=\"color: #007571\"><a style=\"color: #007571\" href=\"http:\/\/ec.europa.eu\/odr\" target=\"_blank\" rel=\"noopener\">http:\/\/ec.europa.eu\/odr<\/a><\/span>. \n \nYou can also send any complaints to the e-mail address given above.<\/p>\n<h2>LIABILITY FOR THE CONTENT OF THIS WEBSITE<\/h2>\n<p>We are constantly developing the content of this website and endeavour to provide correct and up-to-date information. \n \nUnfortunately, we cannot accept any liability for the correctness of all content on this website, especially for that provided by third parties. \n \n As a service provider, we are not obliged to monitor the information transmitted or stored by them or to investigate circumstances that indicate illegal activity. \n \n \n Our obligations to remove information or to block the use of information in accordance with the general laws due to court or official orders remain unaffected even in the case of our non-responsibility.<\/p>\n<h2>LIABILITY FOR LINKS TO THIRD PARTY WEBSITES<\/h2>\n<p>Our website contains links to external websites. We have no influence on the content of these external websites. \n Therefore, we cannot assume any liability for these external contents. \n \nThe respective provider or operator of the pages is always responsible for the content of the linked pages. \n The linked pages were checked for possible legal violations at the time of linking. \n \n Illegal contents were not recognisable at the time of linking. \n However, constant monitoring of the contents of the linked pages is not reasonable without concrete indications of a violation of the law. \n \n Where such a violations are found to exist, we will remove the offending links immediately.<\/p>\t\t\t\t\t\t\t\t<\/div>\n\t\t\t\t<\/div>\n\t\t\t\t\t<\/div>\n\t\t<\/div>\n\t\t\t\t\t<\/div>\n\t\t<\/section>\n\t\t\t\t<\/div>","protected":false},"excerpt":{"rendered":"<p>Impressum HELIOPLANT\u00ae International Registration Nr. DM\/234443 i.n.n.ingenieurgesellschaft f\u00fcr naturraum-managementmbH &amp; CoKGMaria-Theresien-Stra\u00dfe 42a6020 Innsbruck\u00d6sterreich Gesch\u00e4ftsf\u00fchrung:DI Alexander PlonerMag. Thomas S\u00f6nserTel: +43 (0) 512 34 27 25-0E-Mail: office@inn.co.atWeb: inn.co.at UID-Nr.: ATU 50540204FN: 200986vFB-Gericht: LG Innsbruck Ingenieurb\u00fcro Mitglied der WK-TirolGewerbeordnung: 1994 -GewO 1994 idgF ehoch2 energy engineeringIngenieurb\u00fcro f\u00fcr Photovoltaik,Innovative Heizsysteme und Elektrotechnik Ing. Florian Jamschek Fl\u00f6sserweg 176423 M\u00f6tz\u00d6sterreich Tel.:&nbsp;+43 [&hellip;]<\/p>\n","protected":false},"author":1,"featured_media":0,"parent":0,"menu_order":0,"comment_status":"closed","ping_status":"closed","template":"","meta":{"footnotes":""},"class_list":["post-13","page","type-page","status-publish","hentry"],"yoast_head":"<!-- This site is optimized with the Yoast SEO plugin v27.6 - https:\/\/yoast.com\/product\/yoast-seo-wordpress\/ -->\n<title>HELIOPLANT\u00ae Impressum - Photovoltaik-Anlagen f\u00fcr das Hochgebirge<\/title>\n<meta name=\"description\" content=\"Impressum - Innovative Photovoltaik-Anlagen f\u00fcr das Hochgebirge: Nachhaltige Energiegewinnung im Einklang mit der Natur durch wegweisende Technologie\" \/>\n<meta name=\"robots\" content=\"index, follow, max-snippet:-1, max-image-preview:large, max-video-preview:-1\" \/>\n<link rel=\"canonical\" href=\"https:\/\/helioplant.energy\/en\/impressum\/\" \/>\n<meta property=\"og:locale\" content=\"en_GB\" \/>\n<meta property=\"og:type\" content=\"article\" \/>\n<meta property=\"og:title\" content=\"HELIOPLANT\u00ae Impressum - Photovoltaik-Anlagen f\u00fcr das Hochgebirge\" \/>\n<meta property=\"og:description\" content=\"Impressum - Innovative Photovoltaik-Anlagen f\u00fcr das Hochgebirge: Nachhaltige Energiegewinnung im Einklang mit der Natur durch wegweisende Technologie\" \/>\n<meta property=\"og:url\" content=\"https:\/\/helioplant.energy\/en\/impressum\/\" \/>\n<meta property=\"og:site_name\" content=\"HELIOPLANT\u00ae - Innovative Photovoltaik-Anlagen f\u00fcr das Hochgebirge\" \/>\n<meta property=\"article:modified_time\" content=\"2024-03-27T14:37:24+00:00\" \/>\n<meta name=\"twitter:card\" content=\"summary_large_image\" \/>\n<meta name=\"twitter:label1\" content=\"Estimated reading time\" \/>\n\t<meta name=\"twitter:data1\" content=\"2 minutes\" \/>\n<script type=\"application\/ld+json\" class=\"yoast-schema-graph\">{\"@context\":\"https:\\\/\\\/schema.org\",\"@graph\":[{\"@type\":\"WebPage\",\"@id\":\"https:\\\/\\\/helioplant.energy\\\/impressum\\\/\",\"url\":\"https:\\\/\\\/helioplant.energy\\\/impressum\\\/\",\"name\":\"HELIOPLANT\u00ae Impressum - Photovoltaik-Anlagen f\u00fcr das Hochgebirge\",\"isPartOf\":{\"@id\":\"https:\\\/\\\/helioplant.energy\\\/#website\"},\"datePublished\":\"2023-07-26T12:09:27+00:00\",\"dateModified\":\"2024-03-27T14:37:24+00:00\",\"description\":\"Impressum - Innovative Photovoltaik-Anlagen f\u00fcr das Hochgebirge: Nachhaltige Energiegewinnung im Einklang mit der Natur durch wegweisende Technologie\",\"breadcrumb\":{\"@id\":\"https:\\\/\\\/helioplant.energy\\\/impressum\\\/#breadcrumb\"},\"inLanguage\":\"en-GB\",\"potentialAction\":[{\"@type\":\"ReadAction\",\"target\":[\"https:\\\/\\\/helioplant.energy\\\/impressum\\\/\"]}]},{\"@type\":\"BreadcrumbList\",\"@id\":\"https:\\\/\\\/helioplant.energy\\\/impressum\\\/#breadcrumb\",\"itemListElement\":[{\"@type\":\"ListItem\",\"position\":1,\"name\":\"Home\",\"item\":\"https:\\\/\\\/helioplant.energy\\\/\"},{\"@type\":\"ListItem\",\"position\":2,\"name\":\"Impressum\"}]},{\"@type\":\"WebSite\",\"@id\":\"https:\\\/\\\/helioplant.energy\\\/#website\",\"url\":\"https:\\\/\\\/helioplant.energy\\\/\",\"name\":\"HELIOPLANT\u00ae - Innovative Photovoltaik-Anlagen f\u00fcr das Hochgebirge\",\"description\":\"\",\"publisher\":{\"@id\":\"https:\\\/\\\/helioplant.energy\\\/#organization\"},\"potentialAction\":[{\"@type\":\"SearchAction\",\"target\":{\"@type\":\"EntryPoint\",\"urlTemplate\":\"https:\\\/\\\/helioplant.energy\\\/?s={search_term_string}\"},\"query-input\":{\"@type\":\"PropertyValueSpecification\",\"valueRequired\":true,\"valueName\":\"search_term_string\"}}],\"inLanguage\":\"en-GB\"},{\"@type\":\"Organization\",\"@id\":\"https:\\\/\\\/helioplant.energy\\\/#organization\",\"name\":\"HELIOPLANT\u00ae - Innovative Photovoltaik-Anlagen f\u00fcr das Hochgebirge\",\"url\":\"https:\\\/\\\/helioplant.energy\\\/\",\"logo\":{\"@type\":\"ImageObject\",\"inLanguage\":\"en-GB\",\"@id\":\"https:\\\/\\\/helioplant.energy\\\/#\\\/schema\\\/logo\\\/image\\\/\",\"url\":\"https:\\\/\\\/helioplant.energy\\\/wp-content\\\/uploads\\\/2023\\\/07\\\/helioplant-logo_standard459px.png\",\"contentUrl\":\"https:\\\/\\\/helioplant.energy\\\/wp-content\\\/uploads\\\/2023\\\/07\\\/helioplant-logo_standard459px.png\",\"width\":459,\"height\":170,\"caption\":\"HELIOPLANT\u00ae - Innovative Photovoltaik-Anlagen f\u00fcr das Hochgebirge\"},\"image\":{\"@id\":\"https:\\\/\\\/helioplant.energy\\\/#\\\/schema\\\/logo\\\/image\\\/\"}}]}<\/script>\n<!-- \/ Yoast SEO plugin. -->","yoast_head_json":{"title":"HELIOPLANT\u00ae Impressum - Photovoltaik-Anlagen f\u00fcr das Hochgebirge","description":"Impressum - Innovative Photovoltaik-Anlagen f\u00fcr das Hochgebirge: Nachhaltige Energiegewinnung im Einklang mit der Natur durch wegweisende Technologie","robots":{"index":"index","follow":"follow","max-snippet":"max-snippet:-1","max-image-preview":"max-image-preview:large","max-video-preview":"max-video-preview:-1"},"canonical":"https:\/\/helioplant.energy\/en\/impressum\/","og_locale":"en_GB","og_type":"article","og_title":"HELIOPLANT\u00ae Impressum - Photovoltaik-Anlagen f\u00fcr das Hochgebirge","og_description":"Impressum - Innovative Photovoltaik-Anlagen f\u00fcr das Hochgebirge: Nachhaltige Energiegewinnung im Einklang mit der Natur durch wegweisende Technologie","og_url":"https:\/\/helioplant.energy\/en\/impressum\/","og_site_name":"HELIOPLANT\u00ae - Innovative Photovoltaik-Anlagen f\u00fcr das Hochgebirge","article_modified_time":"2024-03-27T14:37:24+00:00","twitter_card":"summary_large_image","twitter_misc":{"Estimated reading time":"2 minutes"},"schema":{"@context":"https:\/\/schema.org","@graph":[{"@type":"WebPage","@id":"https:\/\/helioplant.energy\/impressum\/","url":"https:\/\/helioplant.energy\/impressum\/","name":"HELIOPLANT\u00ae Impressum - Photovoltaik-Anlagen f\u00fcr das Hochgebirge","isPartOf":{"@id":"https:\/\/helioplant.energy\/#website"},"datePublished":"2023-07-26T12:09:27+00:00","dateModified":"2024-03-27T14:37:24+00:00","description":"Impressum - Innovative Photovoltaik-Anlagen f\u00fcr das Hochgebirge: Nachhaltige Energiegewinnung im Einklang mit der Natur durch wegweisende Technologie","breadcrumb":{"@id":"https:\/\/helioplant.energy\/impressum\/#breadcrumb"},"inLanguage":"en-GB","potentialAction":[{"@type":"ReadAction","target":["https:\/\/helioplant.energy\/impressum\/"]}]},{"@type":"BreadcrumbList","@id":"https:\/\/helioplant.energy\/impressum\/#breadcrumb","itemListElement":[{"@type":"ListItem","position":1,"name":"Home","item":"https:\/\/helioplant.energy\/"},{"@type":"ListItem","position":2,"name":"Impressum"}]},{"@type":"WebSite","@id":"https:\/\/helioplant.energy\/#website","url":"https:\/\/helioplant.energy\/","name":"HELIOPLANT\u00ae - INNOVATIVE PHOTOVOLTAIC PLANTS FOR MOUNTAIN REGIONS.","description":"","publisher":{"@id":"https:\/\/helioplant.energy\/#organization"},"potentialAction":[{"@type":"SearchAction","target":{"@type":"EntryPoint","urlTemplate":"https:\/\/helioplant.energy\/?s={search_term_string}"},"query-input":{"@type":"PropertyValueSpecification","valueRequired":true,"valueName":"search_term_string"}}],"inLanguage":"en-GB"},{"@type":"Organization","@id":"https:\/\/helioplant.energy\/#organization","name":"HELIOPLANT\u00ae - INNOVATIVE PHOTOVOLTAIC PLANTS FOR MOUNTAIN REGIONS.","url":"https:\/\/helioplant.energy\/","logo":{"@type":"ImageObject","inLanguage":"en-GB","@id":"https:\/\/helioplant.energy\/#\/schema\/logo\/image\/","url":"https:\/\/helioplant.energy\/wp-content\/uploads\/2023\/07\/helioplant-logo_standard459px.png","contentUrl":"https:\/\/helioplant.energy\/wp-content\/uploads\/2023\/07\/helioplant-logo_standard459px.png","width":459,"height":170,"caption":"HELIOPLANT\u00ae - Innovative Photovoltaik-Anlagen f\u00fcr das Hochgebirge"},"image":{"@id":"https:\/\/helioplant.energy\/#\/schema\/logo\/image\/"}}]}},"_links":{"self":[{"href":"https:\/\/helioplant.energy\/en\/wp-json\/wp\/v2\/pages\/13","targetHints":{"allow":["GET"]}}],"collection":[{"href":"https:\/\/helioplant.energy\/en\/wp-json\/wp\/v2\/pages"}],"about":[{"href":"https:\/\/helioplant.energy\/en\/wp-json\/wp\/v2\/types\/page"}],"author":[{"embeddable":true,"href":"https:\/\/helioplant.energy\/en\/wp-json\/wp\/v2\/users\/1"}],"replies":[{"embeddable":true,"href":"https:\/\/helioplant.energy\/en\/wp-json\/wp\/v2\/comments?post=13"}],"version-history":[{"count":67,"href":"https:\/\/helioplant.energy\/en\/wp-json\/wp\/v2\/pages\/13\/revisions"}],"predecessor-version":[{"id":1694,"href":"https:\/\/helioplant.energy\/en\/wp-json\/wp\/v2\/pages\/13\/revisions\/1694"}],"wp:attachment":[{"href":"https:\/\/helioplant.energy\/en\/wp-json\/wp\/v2\/media?parent=13"}],"curies":[{"name":"wp","href":"https:\/\/api.w.org\/{rel}","templated":true}]}}